{"id":17430,"date":"2021-04-08T21:28:57","date_gmt":"2021-04-08T21:28:57","guid":{"rendered":"https:\/\/coolstencil.ca\/expedition-retours\/"},"modified":"2021-04-08T21:28:57","modified_gmt":"2021-04-08T21:28:57","slug":"expedition-retours","status":"publish","type":"page","link":"https:\/\/coolstencil.ca\/fr\/expedition-retours\/","title":{"rendered":"Exp\u00e9dition &#038; retours"},"content":{"rendered":"<p><strong>Politiques de retour et de remboursement pour l&rsquo;impression.<\/strong><br \/>\nTous les produits et services ne sont pas remboursables. Aucun \u00e9change autoris\u00e9. Toutes les ventes sont finales.<\/p>\n<p><strong>Dates de livraison estim\u00e9es<\/strong><br \/>\nLa livraison se fera dans les 3 \u00e0 15 jours ouvrables.<\/p>\n<p><strong>Paiements refus\u00e9s<\/strong><br \/>\nLes cartes de cr\u00e9dit peuvent \u00eatre refus\u00e9es pour diverses raisons, telles qu&rsquo;une erreur technique lors du traitement, et nous n&rsquo;avons pas acc\u00e8s \u00e0 d&rsquo;autres informations.<\/p>\n<p><strong>Comment nous d\u00e9terminons les frais d&rsquo;exp\u00e9dition<\/strong><br \/>\nles frais d&rsquo;exp\u00e9dition et de manutention sont d\u00e9termin\u00e9s par le montant en dollars de la marchandise de votre commande avant toute d\u00e9duction. Non soumis \u00e0 des offres sp\u00e9ciales.<br \/>\nLes frais sont calcul\u00e9s avant les taxes.<br \/>\nToutes les commandes sont sujettes \u00e0 v\u00e9rification.<br \/>\nVeuillez noter que les frais d&rsquo;exp\u00e9dition et de manutention totaux n&rsquo;augmenteront pas.<\/p>\n<p><strong>CANADA<\/strong><br \/>\nVeuillez prendre note que les adresses de livraison doivent \u00eatre des adresses civiques canadiennes valides (les bo\u00eetes postales ne sont pas accept\u00e9es).<\/p>\n<p><strong>\u00c9TATS UNIS<\/strong><br \/>\nVeuillez noter que les adresses de livraison doivent \u00eatre des adresses civiques valides (les bo\u00eetes postales et APO \/ FPO ne sont pas accept\u00e9es).<\/p>\n<p><strong>Important<\/strong><br \/>\nVotre commande peut \u00eatre soumise \u00e0 des droits d&rsquo;importation et des taxes, qui sont factur\u00e9s, une fois que votre colis arrive dans votre pays. www.eimpression.ca ne per\u00e7oit pas les droits et les taxes et ne peut pas pr\u00e9dire quels pourraient \u00eatre vos frais particuliers. Si vous engagez ces frais suppl\u00e9mentaires, une facture pourrait vous \u00eatre pr\u00e9sent\u00e9e, dont vous \u00eates responsable. Pour plus d&rsquo;informations sur les politiques personnalis\u00e9es de votre pays, veuillez contacter votre bureau de douane local.<\/p>\n","protected":false},"excerpt":{"rendered":"<p>Politiques de retour et de remboursement pour l&rsquo;impression. Tous les produits et services ne sont pas remboursables. Aucun \u00e9change autoris\u00e9. Toutes les ventes sont finales. Dates de livraison estim\u00e9es La livraison se fera dans les 3 \u00e0 15 jours ouvrables. Paiements refus\u00e9s Les cartes de cr\u00e9dit peuvent \u00eatre refus\u00e9es pour diverses raisons, telles qu&rsquo;une erreur [&#8230;]\n","protected":false},"author":1,"featured_media":0,"parent":0,"menu_order":0,"comment_status":"closed","ping_status":"closed","template":"","meta":{"footnotes":""},"class_list":["post-17430","page","type-page","status-publish","hentry"],"jetpack_sharing_enabled":true,"_links":{"self":[{"href":"https:\/\/coolstencil.ca\/fr\/wp-json\/wp\/v2\/pages\/17430","targetHints":{"allow":["GET"]}}],"collection":[{"href":"https:\/\/coolstencil.ca\/fr\/wp-json\/wp\/v2\/pages"}],"about":[{"href":"https:\/\/coolstencil.ca\/fr\/wp-json\/wp\/v2\/types\/page"}],"author":[{"embeddable":true,"href":"https:\/\/coolstencil.ca\/fr\/wp-json\/wp\/v2\/users\/1"}],"replies":[{"embeddable":true,"href":"https:\/\/coolstencil.ca\/fr\/wp-json\/wp\/v2\/comments?post=17430"}],"version-history":[{"count":0,"href":"https:\/\/coolstencil.ca\/fr\/wp-json\/wp\/v2\/pages\/17430\/revisions"}],"wp:attachment":[{"href":"https:\/\/coolstencil.ca\/fr\/wp-json\/wp\/v2\/media?parent=17430"}],"curies":[{"name":"wp","href":"https:\/\/api.w.org\/{rel}","templated":true}]}}