{"id":7067,"date":"2018-01-14T18:41:32","date_gmt":"2018-01-14T18:41:34","guid":{"rendered":"https:\/\/coolstencil.ca\/?post_type=product&#038;p=7067"},"modified":"2021-07-30T00:32:23","modified_gmt":"2021-07-30T00:32:23","slug":"pochoir-lezard","status":"publish","type":"product","link":"https:\/\/coolstencil.ca\/fr\/en\/pochoir-lezard\/","title":{"rendered":"Pochoir L\u00e9zard"},"content":{"rendered":"<ul>\n<li>Pochoirs autocollants en vinyle, qui sert \u00e0 appliquer de la peinture \u00e0 l\u2019a\u00e9rographe sur le corps.<\/li>\n<li>Bon pour le tatouage de henn\u00e9, les tatouage sintillant, la peinture d\u2019a\u00e9rographe, etc.<\/li>\n<li>Nos dessins en pochoir professionel sont coup\u00e9 par ordinateur, pour facilit\u00e9 le travail.<\/li>\n<li>Les pochoirs sont utilis\u00e9s pour donner une image claire sur les surfaces et peuvent aussi \u00eatre utilis\u00e9s \u00e0 plusieurs reprises.<\/li>\n<li>\u00c9conomisez beaucoup de temps de dessin \u00e0 la mains en utilisant nos pochoirs.<\/li>\n<li>Nos dessins disponibles sont: des papillons, des fleurs, des animaux et plein d\u2019autre image surprenante et symboles magnifiques.<\/li>\n<li>Le papier blanc \u00e0 l\u2019arri\u00e8re sert \u00e0 coller le pochoir sur n\u2019importe quel surface.<\/li>\n<li>On peux l\u2019appliquer sur la peau, sur du bois, de la terre cuite, du tissu, du m\u00e9tal, de la c\u00e9ramique et du verre pour laisser aller votre imagination et d\u00e9corer tout se que vous voulez!<\/li>\n<li>La taille peut varier en fonction de la proportion.<\/li>\n<li>La livraison n&rsquo;est pas incluse dans le prix.<\/li>\n<li>La taille du pochoir peut \u00eatre vari\u00e9e.<\/li>\n<\/ul>\n<p>Besoin d\u2019une autre grandeure de pochoirs ou plus? Contactez-nous! Tout nos graphiques sont personalidables selon vos sp\u00e9cifications. <a href=\"mailto:info@elitegraphicdesign.com\">info@elitegraphicdesign.com<\/a><\/p>\n","protected":false},"excerpt":{"rendered":"<div id=\"short_description_block\">\n<div id=\"short_description_content\" class=\"rte align_justify\">\n<p><strong>Pochoir de tatouage auto-adh\u00e9sifs<\/strong>, bon pour le henn\u00e9, les tatouages en brillants, pour les tatouages temporaire&#8230;..<\/p>\n<\/div>\n<\/div>\n","protected":false},"featured_media":5905,"comment_status":"open","ping_status":"closed","template":"","meta":[],"product_brand":[],"product_cat":[1885,1931],"product_tag":[1888,2017,1895,1887],"class_list":{"0":"post-7067","1":"product","2":"type-product","3":"status-publish","4":"has-post-thumbnail","6":"product_cat-pochoir-enfants","7":"product_cat-pochoirs-danimaux","8":"product_tag-autocollant","9":"product_tag-famille-des-lezards","10":"product_tag-pochoir-en-vinyle","11":"product_tag-tatouage","13":"first","14":"instock","15":"sale","16":"taxable","17":"shipping-taxable","18":"purchasable","19":"product-type-variable"},"jetpack_sharing_enabled":true,"_links":{"self":[{"href":"https:\/\/coolstencil.ca\/fr\/wp-json\/wp\/v2\/product\/7067","targetHints":{"allow":["GET"]}}],"collection":[{"href":"https:\/\/coolstencil.ca\/fr\/wp-json\/wp\/v2\/product"}],"about":[{"href":"https:\/\/coolstencil.ca\/fr\/wp-json\/wp\/v2\/types\/product"}],"replies":[{"embeddable":true,"href":"https:\/\/coolstencil.ca\/fr\/wp-json\/wp\/v2\/comments?post=7067"}],"wp:featuredmedia":[{"embeddable":true,"href":"https:\/\/coolstencil.ca\/fr\/wp-json\/wp\/v2\/media\/5905"}],"wp:attachment":[{"href":"https:\/\/coolstencil.ca\/fr\/wp-json\/wp\/v2\/media?parent=7067"}],"wp:term":[{"taxonomy":"product_brand","embeddable":true,"href":"https:\/\/coolstencil.ca\/fr\/wp-json\/wp\/v2\/product_brand?post=7067"},{"taxonomy":"product_cat","embeddable":true,"href":"https:\/\/coolstencil.ca\/fr\/wp-json\/wp\/v2\/product_cat?post=7067"},{"taxonomy":"product_tag","embeddable":true,"href":"https:\/\/coolstencil.ca\/fr\/wp-json\/wp\/v2\/product_tag?post=7067"}],"curies":[{"name":"wp","href":"https:\/\/api.w.org\/{rel}","templated":true}]}}